{"id":193,"date":"2023-04-26T14:42:02","date_gmt":"2023-04-26T12:42:02","guid":{"rendered":"https:\/\/www.tecnoplasticadonati.it\/?page_id=193"},"modified":"2025-03-04T15:27:16","modified_gmt":"2025-03-04T14:27:16","slug":"cookies","status":"publish","type":"page","link":"https:\/\/www.tecnoplasticadonati.it\/index.php\/cookies\/","title":{"rendered":"Cookies"},"content":{"rendered":"\n<h5 class=\"wp-block-heading\"><strong>Cosa sono i cookies?<\/strong><\/h5>\n\n\n\n<p class=\"has-medium-font-size\">Sono piccoli file di testo che servono a migliorare le prestazioni e la fruibilit\u00e0 del sito.<br>Normalmente vengono utilizzati per memorizzare le informazioni necessarie a migliorare la navigazione.<\/p>\n\n\n\n<p class=\"has-medium-font-size\"><strong>Utilizziamo i cookies?<\/strong><br>Utilizziamo cookies tecnici di navigazione e di sessione al solo fine di \u201ceffettuare la trasmissione di una comunicazione su una rete di comunicazione elettronica, o nella misura strettamente necessaria al fornitore di un servizio della societ\u00e0 di informazione esplicitamente richiesto dall\u2019abbonato o dall\u2019utente a erogare tale servizio\u201d (art. 122, I comma, Codice della Privacy).<\/p>\n\n\n\n<p class=\"has-medium-font-size\"><strong>I cookie tecnici di sessione<\/strong> hanno durata pari alla singola sessione di navigazione e vengono pertanto automaticamente cancellati al termine della sessione di navigazione.<br>Le informazioni contenute nei cookie, come detto, hanno semplicemente finalit\u00e0 di carattere tecnico, non sono memorizzati n\u00e9 accessibili da personale del proprietario del sito.<\/p>\n\n\n\n<p class=\"has-medium-font-size\"><strong>E\u2019 possibile disattivare i cookies?<\/strong><br>L\u2019utente pu\u00f2 rifiutare l\u2019utilizzo dei cookie e in qualsiasi momento pu\u00f2 revocare un consenso gi\u00e0 fornito.<br>Tramite le funzionalit\u00e0 presenti sui browser pi\u00f9 comuni \u00e8 possibile disattivare\/attivare i cookies.<br><strong><em>ATTENZIONE<\/em><\/strong>: disabilitando completamente i cookie l\u2019utente potrebbe non essere in grado di utilizzare tutte le funzionalit\u00e0 del Sito, limitandone la navigazione.<\/p>\n\n\n\n<p class=\"has-medium-font-size\"><strong>Come disattivare i cookies?<\/strong><br>I browser cambiano spesso interfaccia e comandi di gestione per le impostazioni generali. Qui di seguito sono consultabili le istruzioni per i browser pi\u00f9 comuni; rimandiamo quindi alle istruzioni dei rispettivi produttori per ottenere delle informazioni sempre aggiornate:<\/p>\n\n\n\n<ul class=\"wp-block-list\">\n<li class=\"has-medium-font-size\"><a href=\"https:\/\/support.google.com\/chrome\/answer\/95647?hl=it&amp;p=cpn_cookies\" target=\"_blank\" rel=\"noreferrer noopener\">Goole Chrome<\/a><\/li>\n\n\n\n<li class=\"has-medium-font-size\"><a href=\"https:\/\/support.mozilla.org\/it\/kb\/Attivare%20e%20disattivare%20i%20cookie?redirect=no\" target=\"_blank\" rel=\"noreferrer noopener\">Mozilla Firefox<\/a><\/li>\n\n\n\n<li class=\"has-medium-font-size\"><a href=\"https:\/\/support.microsoft.com\/it-it\/microsoft-edge\/eliminare-i-cookie-in-microsoft-edge-63947406-40ac-c3b8-57b9-2a946a29ae09\" target=\"_blank\" rel=\"noreferrer noopener\">Microsoft Edge<\/a><\/li>\n\n\n\n<li class=\"has-medium-font-size\"><a href=\"https:\/\/support.apple.com\/it-it\/guide\/safari\/sfri11471\/mac\" target=\"_blank\" rel=\"noreferrer noopener\">Apple Safari<\/a><\/li>\n<\/ul>\n\n\n\n<p class=\"has-medium-font-size\"><strong><em>Tutti gli altri browsers<\/em><\/strong><br>Per le informazioni su come gestire i cookies attraverso altri browser, consultate la Vostra documentazione o i file online di aiuto.<\/p>\n","protected":false},"excerpt":{"rendered":"<p>Cosa sono i cookies? Sono piccoli file di testo che servono a migliorare le prestazioni e la fruibilit\u00e0 del sito.Normalmente vengono utilizzati per memorizzare le informazioni necessarie a migliorare la navigazione. Utilizziamo i cookies?Utilizziamo cookies tecnici di navigazione e di sessione al solo fine di \u201ceffettuare la trasmissione di una comunicazione su una rete di [&hellip;]<\/p>\n","protected":false},"author":1,"featured_media":0,"parent":0,"menu_order":0,"comment_status":"closed","ping_status":"closed","template":"","meta":{"_eb_attr":"","footnotes":""},"class_list":["post-193","page","type-page","status-publish","hentry"],"_links":{"self":[{"href":"https:\/\/www.tecnoplasticadonati.it\/index.php\/wp-json\/wp\/v2\/pages\/193","targetHints":{"allow":["GET"]}}],"collection":[{"href":"https:\/\/www.tecnoplasticadonati.it\/index.php\/wp-json\/wp\/v2\/pages"}],"about":[{"href":"https:\/\/www.tecnoplasticadonati.it\/index.php\/wp-json\/wp\/v2\/types\/page"}],"author":[{"embeddable":true,"href":"https:\/\/www.tecnoplasticadonati.it\/index.php\/wp-json\/wp\/v2\/users\/1"}],"replies":[{"embeddable":true,"href":"https:\/\/www.tecnoplasticadonati.it\/index.php\/wp-json\/wp\/v2\/comments?post=193"}],"version-history":[{"count":3,"href":"https:\/\/www.tecnoplasticadonati.it\/index.php\/wp-json\/wp\/v2\/pages\/193\/revisions"}],"predecessor-version":[{"id":707,"href":"https:\/\/www.tecnoplasticadonati.it\/index.php\/wp-json\/wp\/v2\/pages\/193\/revisions\/707"}],"wp:attachment":[{"href":"https:\/\/www.tecnoplasticadonati.it\/index.php\/wp-json\/wp\/v2\/media?parent=193"}],"curies":[{"name":"wp","href":"https:\/\/api.w.org\/{rel}","templated":true}]}}