{"id":3,"date":"2023-04-12T17:56:42","date_gmt":"2023-04-12T15:56:42","guid":{"rendered":"https:\/\/www.tecnoplasticadonati.it\/?page_id=3"},"modified":"2025-03-04T17:49:58","modified_gmt":"2025-03-04T16:49:58","slug":"privacy-policy","status":"publish","type":"page","link":"https:\/\/www.tecnoplasticadonati.it\/index.php\/privacy-policy\/","title":{"rendered":"Privacy Policy"},"content":{"rendered":"\n<h4 class=\"wp-block-heading\">Chi siamo<\/h4>\n\n\n\n<p class=\"has-medium-font-size\">L\u2019indirizzo del nostro sito web \u00e8: <a href=\"https:\/\/www.tecnoplasticadonati.it\/\">https:\/\/www.tecnoplasticadonati.it\/<\/a><\/p>\n\n\n\n<p class=\"has-medium-font-size\">I dati forniti dall\u2019utente nella scheda di richiesta informazioni vengono acquisiti da <strong><em>TecnoPlastica Donati srl<\/em><\/strong> in sede di esecuzione dei servizi prestati alla propria clientela e sono registrati su database elettronici di propriet\u00e0 di <strong><em>TecnoPlastica Donati srl<\/em><\/strong>, con sede in Pesaro, Via Giuseppe Montanelli n. 48 &#8211; 61122 che ne sar\u00e0 titolare per il trattamento.<\/p>\n\n\n\n<h4 class=\"wp-block-heading\">Con chi condividiamo i tuoi dati<\/h4>\n\n\n\n<p class=\"has-medium-font-size\">I dati personali dell\u2019utente saranno utilizzati da <strong><em>TecnoPlastica Donati srl<\/em><\/strong> nel rispetto dei principi di protezione della privacy <strong>stabiliti dal Regolamento Europeo n\u00b0 679\/ 2016 (GDPR) in materia di protezione dei dati personali<\/strong> e dalle altre norme vigenti in materia di protezione dei dati personali.<\/p>\n\n\n\n<p class=\"has-medium-font-size\">I dati personali richiesti sono suddivisi in due categorie: <strong>obbligatori <\/strong>e <strong>facoltativi<\/strong>, come risulta nella procedura di richiesta di contatto e\/o di attivazione dei servizi offerti.<br>Il <strong>conferimento <\/strong>dei dati obbligatori ed il relativo trattamento per le finalit\u00e0 sopra indicate sono strettamente funzionali all\u2019esecuzione dei servizi indicati.<br>L\u2019eventuale <strong>rifiuto <\/strong>dell\u2019Utente a fornire tali dati o l\u2019eventuale rifiuto di consentire al loro trattamento comporter\u00e0 l\u2019impossibilit\u00e0 di usufruire del servizio offerto da Abaco Informatica S.r.l..<br>Gli altri dati raccolti servono ad aiutare Abaco Informatica S.r.l. ad offrire un servizio sempre migliore.<br><strong>Rispetto ad essi, l\u2019Utente \u00e8 libero di fornirli o meno<\/strong>.<\/p>\n\n\n\n<p class=\"has-medium-font-size\"><strong><em>Si specifica che per i dati raccolti da <strong><em>TecnoPlastica Donati srl<\/em><\/strong> NON esiste un processo decisionale automatizzato, ivi inclusa la profilazione (art. 3.4): La profilazione \u00e8 \u201cqualsiasi forma di trattamento automatizzato di dati personali consistente nell\u2019utilizzo di tali dati personali per valutare determinati aspetti personali relativi a una persona fisica, in particolare per analizzare o prevedere aspetti riguardanti il rendimento professionale, la situazione economica, la salute, le preferenze personali, gli interessi, l\u2019affidabilit\u00e0, il comportamento, l\u2019ubicazione o gli spostamenti di detta persona fisica\u201c.<\/em><\/strong><\/p>\n\n\n\n<p class=\"has-medium-font-size\"><strong>In particolare, le finalit\u00e0 del trattamento dei dati personali sono le seguenti:<\/strong><\/p>\n\n\n\n<ul class=\"wp-block-list\">\n<li class=\"has-medium-font-size\">fornire i servizi previsti;<\/li>\n\n\n\n<li class=\"has-medium-font-size\">verificare la qualit\u00e0 dei servizi offerti;<\/li>\n\n\n\n<li class=\"has-medium-font-size\">provvedere a tutti gli eventuali adempimenti contabili e fiscali;<\/li>\n\n\n\n<li class=\"has-medium-font-size\">risalire ad autori di eventuali illeciti solo in caso di specifiche richieste e per conto delle autorit\u00e0 competenti.<\/li>\n<\/ul>\n\n\n\n<p class=\"has-medium-font-size\"><strong>Qualora l\u2019Utente abbia prestato apposito consenso:<\/strong><br>fornire le informazioni e\/o offerte su prodotti, servizi o iniziative offerti o promossi da <strong><em>TecnoPlastica Donati srl<\/em><\/strong> e\/o da societ\u00e0 affiliate, cos\u00ed come da partners commerciali ed outsourcers, <strong>senza che ci\u00f2 determini la cessione dei dati personali a soggetti terzi<\/strong>;<\/p>\n\n\n\n<p class=\"has-medium-font-size\">L\u2019Utente potr\u00e0 accedere ai propri dati in qualsiasi momento ed esercitare i propri diritti.<\/p>\n\n\n\n<h5 class=\"wp-block-heading\">Per quanto tempo conserviamo i tuoi dati<\/h5>\n\n\n\n<p class=\"has-medium-font-size\">I dati ricevuti sono archiviati a tempo indeterminato su server protetti.<\/p>\n\n\n\n<h5 class=\"wp-block-heading\">Diritti dell\u2019interessato \u2013 GDPR Capo III (Artt. 12-23)<\/h5>\n\n\n\n<p class=\"has-medium-font-size\"><strong>Diritto di accesso (art. 15)<\/strong><br>Il diritto di accesso prevede in ogni caso il diritto di ricevere una copia dei dati personali oggetto di trattamento.<\/p>\n\n\n\n<p class=\"has-medium-font-size\"><strong>Diritto di cancellazione (diritto all\u00b4oblio) (art.17)<\/strong><br>l\u00b4interessato ha il diritto di chiedere la cancellazione dei propri dati, anche dopo revoca del consenso al trattamento (art. 17, paragrafo 1).<\/p>\n\n\n\n<p class=\"has-medium-font-size\"><strong>Diritto di limitazione del trattamento (art. 18)<\/strong><br>Il diritto alla limitazione prevede che il dato personale sia \u2018contrassegnato\u2019 in attesa di determinazioni ulteriori; Esclusa la conservazione, ogni altro trattamento del dato di cui si chiede la limitazione \u00e8 vietato a meno che ricorrano determinate circostanze (consenso dell\u00b4interessato, accertamento diritti in sede giudiziaria, tutela diritti di altra persona fisica o giuridica, interesse pubblico rilevante).<br><strong>Diritto alla portabilit\u00e0 dei dati (art. 20)<\/strong><br>L\u2019interessato ha diritto di richiedere di trasferire direttamente i dati portabili a un altro titolare indicato, se tecnicamente possibile.<\/p>\n\n\n\n<p><strong>Regolamento Europeo n\u00b0 679\/ 2016 (GDPR)<\/strong><\/p>\n\n\n\n<ol class=\"wp-block-list\">\n<li class=\"has-medium-font-size\">L\u2019interessato ha diritto di ottenere la conferma dell\u2019esistenza o meno di dati personali che lo riguardano, anche se non ancora registrati, e la loro comunicazione in forma intellegibile.<\/li>\n\n\n\n<li class=\"has-medium-font-size\">L\u2019interessato ha diritto di ottenere l\u2019indicazione:<br>a) dell\u2019origine dei dati personali;<br>b) delle finalit\u00e0 e modalit\u00e0 del trattamento;<br>c) della logica applicata in caso di trattamento effettuato con l\u2019ausilio di strumenti elettronici;<br>d) degli estremi identificativi del titolare, dei responsabili e del rappresentante designato;<br>e) dei soggetti o delle categorie di soggetti ai quali i dati personali possono essere comunicati o che possono venirne a conoscenza in qualit\u00e0 di rappresentante designato nel territorio dello stato, di responsabili o incaricati.<\/li>\n\n\n\n<li class=\"has-medium-font-size\">L\u2019interessato ha diritto di ottenere:<br>a) l\u2019aggiornamento, la rettificazione ovvero, quando vi ha interesse, l\u2019integrazione dei dati;<br>b) la cancellazione, la trasformazione, in forma anonima o il blocco dei dati trattati in violazione di legge, compresi quelli di cui non \u00e8 necessaria la conservazione in relazione agli scopi per i quali i dati sono stati raccolti o successivamente trattati;<br>c) l\u2019attestazione che le operazioni di cui alle lettera a) e b) sono state portate a conoscenza, anche per quanto riguarda il loro contenuto, di colori ai quali i dati sono stati comunicati o diffusi, eccettuato il caso in cui tale adempimento si rivela impossibile o comporta un impiego di mezzi manifestamente sproporzionato rispetto al diritto tutelato.<\/li>\n\n\n\n<li class=\"has-medium-font-size\">L\u2019interessato ha diritto di opporsi, in tutto o in parte:<br>a) per motivi legittimi al trattamento dei dati personali che lo riguardano ancorch\u00e8 pertinenti allo scopo della raccolta;<br>b) al trattamento dei dati personali che lo riguardano a fini di invio di materiale pubblicitario o di vendita diretta o per il compimento di ricerche di mercato o di comunicazione commerciale.\u201c<\/li>\n<\/ol>\n\n\n\n<p class=\"has-medium-font-size\"><strong>Reclamo<\/strong><br>Ti informiamo che hai diritto di proporre reclamo a un\u2019Autorit\u00e0 di controllo nel caso in cui ritieni che il trattamento dei tuoi dati personali non sia conforme alla normativa in materia di privacy ai sensi dell\u2019art.13 lett. d) GDPR;<\/p>\n\n\n\n<p class=\"has-medium-font-size\">L\u2019utente potr\u00e0 esercitare i diritti di cui all\u2019art. 7 del D.Lgs 196\/2003, (aggiornamento, rettificazione, integrazione, cancellazione, trasformazione, in forma anonima o il blocco dei dati trattati in violazione di legge, opposizione, richiesta delle informazioni di cui al 1\u00b0capoverso e di cui alle lettere a), b), c), d) e) 2\u00b0 capoverso), rivolgendosi a Via Giuseppe Montanelli n. 48 &#8211; 61122 Pesaro (PU)<br>Oppure mandando un e-mail al seguente indirizzo <a href=\"mailto: info@tecnoplasticadonati.it\"> info@tecnoplasticadonati.it<\/a> .<\/p>\n\n\n\n<h5 class=\"wp-block-heading has-base-color has-primary-background-color has-text-color has-background has-link-color wp-elements-e525452e5ccaef305d33387c297a838b\">Cookies<\/h5>\n\n\n\n<h6 class=\"wp-block-heading\"><strong>Cosa sono i cookies?<\/strong><\/h6>\n\n\n\n<p class=\"has-medium-font-size\">Sono piccoli file di testo che servono a migliorare le prestazioni e la fruibilit\u00e0 del sito.<br>Normalmente vengono utilizzati per memorizzare le informazioni necessarie a migliorare la navigazione.<\/p>\n\n\n\n<p class=\"has-medium-font-size\"><strong>Utilizziamo i cookies?<\/strong><br>Utilizziamo cookies tecnici di navigazione e di sessione al solo fine di \u201ceffettuare la trasmissione di una comunicazione su una rete di comunicazione elettronica, o nella misura strettamente necessaria al fornitore di un servizio della societ\u00e0 di informazione esplicitamente richiesto dall\u2019abbonato o dall\u2019utente a erogare tale servizio\u201d (art. 122, I comma, Codice della Privacy).<\/p>\n\n\n\n<p class=\"has-medium-font-size\"><strong>I cookie tecnici di sessione<\/strong> hanno durata pari alla singola sessione di navigazione e vengono pertanto automaticamente cancellati al termine della sessione di navigazione.<br>Le informazioni contenute nei cookie, come detto, hanno semplicemente finalit\u00e0 di carattere tecnico, non sono memorizzati n\u00e9 accessibili da personale del proprietario del sito.<\/p>\n\n\n\n<p class=\"has-medium-font-size\"><strong>E\u2019 possibile disattivare i cookies?<\/strong><br>L\u2019utente pu\u00f2 rifiutare l\u2019utilizzo dei cookie e in qualsiasi momento pu\u00f2 revocare un consenso gi\u00e0 fornito.<br>Tramite le funzionalit\u00e0 presenti sui browser pi\u00f9 comuni \u00e8 possibile disattivare\/attivare i cookies.<br><strong><em>ATTENZIONE<\/em><\/strong>: disabilitando completamente i cookie l\u2019utente potrebbe non essere in grado di utilizzare tutte le funzionalit\u00e0 del Sito, limitandone la navigazione.<\/p>\n\n\n\n<p class=\"has-medium-font-size\"><strong>Come disattivare i cookies?<\/strong><br>I browser cambiano spesso interfaccia e comandi di gestione per le impostazioni generali. Qui di seguito sono consultabili le istruzioni per i browser pi\u00f9 comuni; rimandiamo quindi alle istruzioni dei rispettivi produttori per ottenere delle informazioni sempre aggiornate:<\/p>\n\n\n\n<ul class=\"wp-block-list\">\n<li class=\"has-medium-font-size\"><a href=\"https:\/\/support.google.com\/chrome\/answer\/95647?hl=it&amp;p=cpn_cookies\" target=\"_blank\" rel=\"noreferrer noopener\">Goole Chrome<\/a><\/li>\n\n\n\n<li class=\"has-medium-font-size\"><a href=\"https:\/\/support.mozilla.org\/it\/kb\/Attivare%20e%20disattivare%20i%20cookie?redirect=no\" target=\"_blank\" rel=\"noreferrer noopener\">Mozilla Firefox<\/a><\/li>\n\n\n\n<li class=\"has-medium-font-size\"><a href=\"https:\/\/support.microsoft.com\/it-it\/microsoft-edge\/eliminare-i-cookie-in-microsoft-edge-63947406-40ac-c3b8-57b9-2a946a29ae09\" target=\"_blank\" rel=\"noreferrer noopener\">Microsoft Edge<\/a><\/li>\n\n\n\n<li class=\"has-medium-font-size\"><a href=\"https:\/\/support.apple.com\/it-it\/guide\/safari\/sfri11471\/mac\" target=\"_blank\" rel=\"noreferrer noopener\">Apple Safari<\/a><\/li>\n<\/ul>\n\n\n\n<p class=\"has-medium-font-size\"><strong><em>Tutti gli altri browsers<\/em><\/strong><br>Per le informazioni su come gestire i cookies attraverso altri browser, consultate la Vostra documentazione o i file online di aiuto.<\/p>\n","protected":false},"excerpt":{"rendered":"<p>Chi siamo L\u2019indirizzo del nostro sito web \u00e8: https:\/\/www.tecnoplasticadonati.it\/ I dati forniti dall\u2019utente nella scheda di richiesta informazioni vengono acquisiti da TecnoPlastica Donati srl in sede di esecuzione dei servizi prestati alla propria clientela e sono registrati su database elettronici di propriet\u00e0 di TecnoPlastica Donati srl, con sede in Pesaro, Via Giuseppe Montanelli n. 48 [&hellip;]<\/p>\n","protected":false},"author":1,"featured_media":0,"parent":0,"menu_order":0,"comment_status":"closed","ping_status":"open","template":"","meta":{"_eb_attr":"","footnotes":""},"class_list":["post-3","page","type-page","status-publish","hentry"],"_links":{"self":[{"href":"https:\/\/www.tecnoplasticadonati.it\/index.php\/wp-json\/wp\/v2\/pages\/3","targetHints":{"allow":["GET"]}}],"collection":[{"href":"https:\/\/www.tecnoplasticadonati.it\/index.php\/wp-json\/wp\/v2\/pages"}],"about":[{"href":"https:\/\/www.tecnoplasticadonati.it\/index.php\/wp-json\/wp\/v2\/types\/page"}],"author":[{"embeddable":true,"href":"https:\/\/www.tecnoplasticadonati.it\/index.php\/wp-json\/wp\/v2\/users\/1"}],"replies":[{"embeddable":true,"href":"https:\/\/www.tecnoplasticadonati.it\/index.php\/wp-json\/wp\/v2\/comments?post=3"}],"version-history":[{"count":6,"href":"https:\/\/www.tecnoplasticadonati.it\/index.php\/wp-json\/wp\/v2\/pages\/3\/revisions"}],"predecessor-version":[{"id":716,"href":"https:\/\/www.tecnoplasticadonati.it\/index.php\/wp-json\/wp\/v2\/pages\/3\/revisions\/716"}],"wp:attachment":[{"href":"https:\/\/www.tecnoplasticadonati.it\/index.php\/wp-json\/wp\/v2\/media?parent=3"}],"curies":[{"name":"wp","href":"https:\/\/api.w.org\/{rel}","templated":true}]}}