{"id":34,"date":"2023-04-26T10:13:16","date_gmt":"2023-04-26T08:13:16","guid":{"rendered":"https:\/\/www.tecnoplasticadonati.it\/?page_id=34"},"modified":"2023-05-04T14:39:47","modified_gmt":"2023-05-04T12:39:47","slug":"tecnoplastica-per-il-sociale","status":"publish","type":"page","link":"https:\/\/www.tecnoplasticadonati.it\/index.php\/tecnoplastica-per-il-sociale\/","title":{"rendered":"Tecnoplastica per il sociale"},"content":{"rendered":"\n<div class=\"wp-block-cover alignfull is-light\" style=\"padding-top:4vw;padding-right:4vw;padding-bottom:4vw;padding-left:4vw;min-height:66vh;aspect-ratio:unset;\"><span aria-hidden=\"true\" class=\"wp-block-cover__background has-background-dim-100 has-background-dim\" style=\"background-color:#b3adad\"><\/span><div class=\"wp-block-cover__inner-container is-layout-flow wp-block-cover-is-layout-flow\">\n<p class=\"has-text-align-center has-base-color has-text-color has-large-font-size\">La nostra Azienda \u00e8 estremamente sensibile al sociale e pertecipa costantemente ad iniziative e progetti in ambito territoriale, cercando di essere utile alla collettivit\u00e0 ed alle persone pi\u00f9 bisognose, in quanto crede fortemente nella condivisione dei risultati e nella solidariet\u00e0 per consentire la realizzazione di traguardi socialmente rilevanti.<\/p>\n\n\n\n<figure class=\"wp-block-gallery has-nested-images columns-default is-cropped wp-block-gallery-1 is-layout-flex wp-block-gallery-is-layout-flex\" style=\"margin-top:var(--wp--preset--spacing--40);margin-right:var(--wp--preset--spacing--40);margin-bottom:var(--wp--preset--spacing--40);margin-left:var(--wp--preset--spacing--40);padding-top:0;padding-right:0;padding-bottom:0;padding-left:0\">\n<figure class=\"wp-block-image size-large\"><a href=\"https:\/\/www.tecnoplasticadonati.it\/wp-content\/uploads\/IMG_5796-scaled.jpg\" target=\"_blank\" rel=\"noopener\"><img loading=\"lazy\" decoding=\"async\" width=\"1024\" height=\"768\" data-id=\"388\" src=\"https:\/\/www.tecnoplasticadonati.it\/wp-content\/uploads\/IMG_5796-1024x768.jpg\" alt=\"\" class=\"wp-image-388\" srcset=\"https:\/\/www.tecnoplasticadonati.it\/wp-content\/uploads\/IMG_5796-1024x768.jpg 1024w, https:\/\/www.tecnoplasticadonati.it\/wp-content\/uploads\/IMG_5796-300x225.jpg 300w, https:\/\/www.tecnoplasticadonati.it\/wp-content\/uploads\/IMG_5796-768x576.jpg 768w, https:\/\/www.tecnoplasticadonati.it\/wp-content\/uploads\/IMG_5796-1536x1152.jpg 1536w, https:\/\/www.tecnoplasticadonati.it\/wp-content\/uploads\/IMG_5796-2048x1536.jpg 2048w\" sizes=\"auto, (max-width: 1024px) 100vw, 1024px\" \/><\/a><figcaption class=\"wp-element-caption\">SOCIETA&#8217; BENEFIT PER IMPATTO POSITIVO<\/figcaption><\/figure>\n\n\n\n<figure class=\"wp-block-image size-large\"><a href=\"https:\/\/www.tecnoplasticadonati.it\/wp-content\/uploads\/IMG_5795-scaled.jpg\" target=\"_blank\" rel=\"noopener\"><img loading=\"lazy\" decoding=\"async\" width=\"768\" height=\"1024\" data-id=\"387\" src=\"https:\/\/www.tecnoplasticadonati.it\/wp-content\/uploads\/IMG_5795-768x1024.jpg\" alt=\"\" class=\"wp-image-387\" srcset=\"https:\/\/www.tecnoplasticadonati.it\/wp-content\/uploads\/IMG_5795-768x1024.jpg 768w, https:\/\/www.tecnoplasticadonati.it\/wp-content\/uploads\/IMG_5795-225x300.jpg 225w, https:\/\/www.tecnoplasticadonati.it\/wp-content\/uploads\/IMG_5795-1152x1536.jpg 1152w, https:\/\/www.tecnoplasticadonati.it\/wp-content\/uploads\/IMG_5795-1536x2048.jpg 1536w, https:\/\/www.tecnoplasticadonati.it\/wp-content\/uploads\/IMG_5795-scaled.jpg 1920w\" sizes=\"auto, (max-width: 768px) 100vw, 768px\" \/><\/a><figcaption class=\"wp-element-caption\">MOBILITA&#8217; GARANTITA<\/figcaption><\/figure>\n\n\n\n<figure class=\"wp-block-image size-large\"><a href=\"https:\/\/www.tecnoplasticadonati.it\/wp-content\/uploads\/IMG_5794-scaled.jpg\" target=\"_blank\" rel=\"noopener\"><img loading=\"lazy\" decoding=\"async\" width=\"768\" height=\"1024\" data-id=\"151\" src=\"https:\/\/www.tecnoplasticadonati.it\/wp-content\/uploads\/IMG_5794-768x1024.jpg\" alt=\"\" class=\"wp-image-151\" srcset=\"https:\/\/www.tecnoplasticadonati.it\/wp-content\/uploads\/IMG_5794-768x1024.jpg 768w, https:\/\/www.tecnoplasticadonati.it\/wp-content\/uploads\/IMG_5794-225x300.jpg 225w, https:\/\/www.tecnoplasticadonati.it\/wp-content\/uploads\/IMG_5794-1152x1536.jpg 1152w, https:\/\/www.tecnoplasticadonati.it\/wp-content\/uploads\/IMG_5794-1536x2048.jpg 1536w, https:\/\/www.tecnoplasticadonati.it\/wp-content\/uploads\/IMG_5794-scaled.jpg 1920w\" sizes=\"auto, (max-width: 768px) 100vw, 768px\" \/><\/a><figcaption class=\"wp-element-caption\">SOCIETA&#8217; BENEFIT IMPATTO POSITIVO<\/figcaption><\/figure>\n<\/figure>\n\n\n\n<p class=\"has-text-align-center has-base-color has-text-color has-large-font-size\">Proprio per questo ogni anno sostiene economicamente <a rel=\"noreferrer noopener\" href=\"https:\/\/ant.it\/\" target=\"_blank\">l\u2019ANT &#8211; Associazione nazionale contro i tumori<\/a> ed il<br><a rel=\"noreferrer noopener\" href=\"http:\/\/www.comune.pesaro.pu.it\/\" target=\"_blank\">Comune di Pesaro<\/a> tramite la societ\u00e0 <a rel=\"noreferrer noopener\" href=\"https:\/\/www.pmg-italia.it\/\" target=\"_blank\">PMG \u2013 Italia<\/a> con progetti ad impatto positivo relativi alla mobilit\u00e0 garantita per<br><a rel=\"noreferrer noopener\" href=\"https:\/\/www.aiasnazionale.it\/\" target=\"_blank\">AIAS\u00a0 &#8211; Associazione Italiana Assistenza spastici<\/a>.<\/p>\n<\/div><\/div>\n","protected":false},"excerpt":{"rendered":"","protected":false},"author":1,"featured_media":0,"parent":0,"menu_order":0,"comment_status":"closed","ping_status":"closed","template":"","meta":{"_eb_attr":"","footnotes":""},"class_list":["post-34","page","type-page","status-publish","hentry"],"_links":{"self":[{"href":"https:\/\/www.tecnoplasticadonati.it\/index.php\/wp-json\/wp\/v2\/pages\/34","targetHints":{"allow":["GET"]}}],"collection":[{"href":"https:\/\/www.tecnoplasticadonati.it\/index.php\/wp-json\/wp\/v2\/pages"}],"about":[{"href":"https:\/\/www.tecnoplasticadonati.it\/index.php\/wp-json\/wp\/v2\/types\/page"}],"author":[{"embeddable":true,"href":"https:\/\/www.tecnoplasticadonati.it\/index.php\/wp-json\/wp\/v2\/users\/1"}],"replies":[{"embeddable":true,"href":"https:\/\/www.tecnoplasticadonati.it\/index.php\/wp-json\/wp\/v2\/comments?post=34"}],"version-history":[{"count":13,"href":"https:\/\/www.tecnoplasticadonati.it\/index.php\/wp-json\/wp\/v2\/pages\/34\/revisions"}],"predecessor-version":[{"id":399,"href":"https:\/\/www.tecnoplasticadonati.it\/index.php\/wp-json\/wp\/v2\/pages\/34\/revisions\/399"}],"wp:attachment":[{"href":"https:\/\/www.tecnoplasticadonati.it\/index.php\/wp-json\/wp\/v2\/media?parent=34"}],"curies":[{"name":"wp","href":"https:\/\/api.w.org\/{rel}","templated":true}]}}